{"id":969,"date":"2022-08-31T07:15:04","date_gmt":"2022-08-31T07:15:04","guid":{"rendered":"https:\/\/demo.creativethemes.com\/elementor\/charity\/?page_id=969"},"modified":"2025-09-18T00:04:54","modified_gmt":"2025-09-17T22:04:54","slug":"nosotros","status":"publish","type":"page","link":"https:\/\/wasikoelle.com\/de\/nosotros\/","title":{"rendered":"Unser Team"},"content":{"rendered":"\t\t<div data-elementor-type=\"wp-page\" data-elementor-id=\"969\" class=\"elementor elementor-969\" data-elementor-post-type=\"page\">\n\t\t\t\t<div class=\"elementor-element elementor-element-1cc871b e-flex e-con-boxed e-con e-parent\" data-id=\"1cc871b\" data-element_type=\"container\" data-e-type=\"container\">\n\t\t\t\t\t<div class=\"e-con-inner\">\n\t\t<div class=\"elementor-element elementor-element-bfb819f e-con-full e-flex e-con e-child\" data-id=\"bfb819f\" data-element_type=\"container\" data-e-type=\"container\">\n\t\t\t\t<div class=\"elementor-element elementor-element-6ed9ba5 elementor-widget elementor-widget-text-editor\" data-id=\"6ed9ba5\" data-element_type=\"widget\" data-e-type=\"widget\" data-widget_type=\"text-editor.default\">\n\t\t\t\t<div class=\"elementor-widget-container\">\n\t\t\t\t\t\t\t\t\t<h4 style=\"text-align: center;\">\ud83c\udf89<span style=\"color: #ff0000;\"><strong> Wasi K\u00f6lle e.V. <span style=\"color: #0000ff;\">\u2013 Un puente entre Latinoam\u00e9rica y Colonia<\/span><\/strong><\/span> \ud83c\udf0e\ud83c\udde9\ud83c\uddea\u2764\ufe0f<\/h4><p>En Wasi K\u00f6lle e.V. somos una asociaci\u00f3n latinoamericana colonesa y sin \u00e1nimo de lucro, creada con el deseo de compartir lo mejor de nuestras ra\u00edces y de nuestra ciudad.<\/p><p>\u2728 Nuestra misi\u00f3n es doble:<\/p><p>Dar a conocer la riqueza de la cultura latina en Colonia a trav\u00e9s de m\u00fasica, danza, gastronom\u00eda, arte y tradiciones.<\/p><p>Mostrar la cultura colonesa a nuestros visitantes y amigos latinoamericanos, creando un espacio de intercambio aut\u00e9ntico y enriquecedor.<\/p><p>Queremos acercar a nuestros visitantes y amigos latinoamericanos a la cultura de Colonia y crear un espacio para un intercambio aut\u00e9ntico y enriquecedor.<\/p><p>De esta manera, construimos un puente cultural que une a Latinoam\u00e9rica y Colonia, basado en el respeto, la amistad y la integraci\u00f3n.<\/p><p>\ud83e\udd1d T\u00fa tambi\u00e9n puedes ser parte:<\/p><p><strong><a href=\"https:\/\/wasikoelle.com\/afiliarse\/\">Hazte socio\/a<\/a> y vive de cerca este intercambio cultural.<\/strong><\/p><p><strong><a href=\"https:\/\/wasikoelle.com\/donaciones\/\">Apoya con una donaci\u00f3n<\/a> y ay\u00fadanos a seguir organizando actividades, eventos y proyectos de integraci\u00f3n.<\/strong><\/p><p>Cada aporte nos ayuda a que m\u00e1s personas disfruten de esta experiencia \u00fanica de culturas que se encuentran y se celebran.<\/p><p style=\"text-align: center;\">\ud83d\udc49 S\u00famate hoy a Wasi K\u00f6lle e.V. y comparte con nosotros la alegr\u00eda de dos mundos que se unen.<\/p>\t\t\t\t\t\t\t\t<\/div>\n\t\t\t\t<\/div>\n\t\t\t\t<div class=\"elementor-element elementor-element-f52fa30 elementor-widget elementor-widget-text-editor\" data-id=\"f52fa30\" data-element_type=\"widget\" data-e-type=\"widget\" data-widget_type=\"text-editor.default\">\n\t\t\t\t<div class=\"elementor-widget-container\">\n\t\t\t\t\t\t\t\t\t<p style=\"text-align: center;\"><a href=\"https:\/\/wasikoelle.com\/afiliarse\/\">\ud83d\udd17 [Hazte socio\/a]<\/a><br \/><a href=\"https:\/\/wasikoelle.com\/donaciones\/\">\ud83d\udd17 [Dona ahora]<\/a><\/p>\t\t\t\t\t\t\t\t<\/div>\n\t\t\t\t<\/div>\n\t\t\t\t<\/div>\n\t\t\t\t\t<\/div>\n\t\t\t\t<\/div>\n\t\t<div class=\"elementor-element elementor-element-3a6a321 e-flex e-con-boxed e-con e-parent\" data-id=\"3a6a321\" data-element_type=\"container\" data-e-type=\"container\" id=\"adriana\">\n\t\t\t\t\t<div class=\"e-con-inner\">\n\t\t<div class=\"elementor-element elementor-element-cf7242a e-con-full e-flex e-con e-child\" data-id=\"cf7242a\" data-element_type=\"container\" data-e-type=\"container\" data-settings=\"{&quot;background_background&quot;:&quot;classic&quot;}\">\n\t\t\t\t<div class=\"elementor-element elementor-element-0bedebb elementor-widget elementor-widget-heading\" data-id=\"0bedebb\" data-element_type=\"widget\" data-e-type=\"widget\" data-widget_type=\"heading.default\">\n\t\t\t\t<div class=\"elementor-widget-container\">\n\t\t\t\t\t<h2 class=\"elementor-heading-title elementor-size-default\">Nuestro equipo<\/h2>\t\t\t\t<\/div>\n\t\t\t\t<\/div>\n\t\t\t\t<div class=\"elementor-element elementor-element-6d5e95c elementor-widget elementor-widget-heading\" data-id=\"6d5e95c\" data-element_type=\"widget\" data-e-type=\"widget\" data-widget_type=\"heading.default\">\n\t\t\t\t<div class=\"elementor-widget-container\">\n\t\t\t\t\t<h2 class=\"elementor-heading-title elementor-size-default\">Adriana Ampuero<\/h2>\t\t\t\t<\/div>\n\t\t\t\t<\/div>\n\t\t\t\t<div class=\"elementor-element elementor-element-e0b0cd2 elementor-blockquote--skin-border elementor-widget elementor-widget-blockquote\" data-id=\"e0b0cd2\" data-element_type=\"widget\" data-e-type=\"widget\" data-widget_type=\"blockquote.default\">\n\t\t\t\t<div class=\"elementor-widget-container\">\n\t\t\t\t\t\t\t<blockquote class=\"elementor-blockquote\">\n\t\t\t<p class=\"elementor-blockquote__content\">\n\t\t\t\t\u2728 La fundaci\u00f3n de Wasi K\u00f6lle e. V. tiene un profundo significado personal para m\u00ed.\n\n<p>Creo firmemente que esta asociaci\u00f3n representa una excelente oportunidad para compartir y transmitir nuestra cultura: nuestras costumbres, m\u00fasica, lengua y arte, as\u00ed como dar a conocer los saberes y secretos de los Andes.<p>\n\n<p>Wasi K\u00f6lle ofrece, adem\u00e1s, una maravillosa plataforma de intercambio, donde las ideas, experiencias y expresiones culturales pueden fluir entre personas de diferentes or\u00edgenes que comparten un mismo inter\u00e9s: conocer, valorar y vivir la riqueza de Am\u00e9rica Latina.\t\t\t<\/p>\n\t\t\t\t\t<\/blockquote>\n\t\t\t\t\t\t<\/div>\n\t\t\t\t<\/div>\n\t\t<div class=\"elementor-element elementor-element-2fbb1b1 e-con-full e-flex e-con e-child\" data-id=\"2fbb1b1\" data-element_type=\"container\" data-e-type=\"container\" data-settings=\"{&quot;background_background&quot;:&quot;classic&quot;}\">\n\t\t\t\t<div class=\"elementor-element elementor-element-b4f8f6e elementor-widget elementor-widget-image\" data-id=\"b4f8f6e\" data-element_type=\"widget\" data-e-type=\"widget\" data-widget_type=\"image.default\">\n\t\t\t\t<div class=\"elementor-widget-container\">\n\t\t\t\t\t\t\t\t\t\t\t\t\t\t\t<img fetchpriority=\"high\" decoding=\"async\" width=\"768\" height=\"432\" src=\"https:\/\/wasikoelle.com\/wp-content\/uploads\/IMG-20250801-WA0006-768x432.jpg\" class=\"attachment-medium_large size-medium_large wp-image-2182\" alt=\"\" srcset=\"https:\/\/wasikoelle.com\/wp-content\/uploads\/IMG-20250801-WA0006-768x432.jpg 768w, https:\/\/wasikoelle.com\/wp-content\/uploads\/IMG-20250801-WA0006-300x169.jpg 300w, https:\/\/wasikoelle.com\/wp-content\/uploads\/IMG-20250801-WA0006-1024x576.jpg 1024w, https:\/\/wasikoelle.com\/wp-content\/uploads\/IMG-20250801-WA0006-1536x864.jpg 1536w, https:\/\/wasikoelle.com\/wp-content\/uploads\/IMG-20250801-WA0006.jpg 1600w\" sizes=\"(max-width: 768px) 100vw, 768px\" \/>\t\t\t\t\t\t\t\t\t\t\t\t\t\t\t<\/div>\n\t\t\t\t<\/div>\n\t\t\t\t<\/div>\n\t\t\t\t<\/div>\n\t\t<div class=\"elementor-element elementor-element-923b9ed e-con-full e-flex e-con e-child\" data-id=\"923b9ed\" data-element_type=\"container\" data-e-type=\"container\">\n\t\t\t\t<\/div>\n\t\t<div class=\"elementor-element elementor-element-31db35a e-con-full e-flex e-con e-child\" data-id=\"31db35a\" data-element_type=\"container\" data-e-type=\"container\">\n\t\t\t\t<\/div>\n\t\t\t\t\t<\/div>\n\t\t\t\t<\/div>\n\t\t<div class=\"elementor-element elementor-element-fdf68fa e-flex e-con-boxed e-con e-parent\" data-id=\"fdf68fa\" data-element_type=\"container\" data-e-type=\"container\">\n\t\t\t\t\t<div class=\"e-con-inner\">\n\t\t<div class=\"elementor-element elementor-element-3d83f80 e-con-full e-flex e-con e-child\" data-id=\"3d83f80\" data-element_type=\"container\" data-e-type=\"container\">\n\t\t\t\t<div class=\"elementor-element elementor-element-4e96f57 elementor-widget elementor-widget-image\" data-id=\"4e96f57\" data-element_type=\"widget\" data-e-type=\"widget\" data-widget_type=\"image.default\">\n\t\t\t\t<div class=\"elementor-widget-container\">\n\t\t\t\t\t\t\t\t\t\t\t\t\t\t\t<img decoding=\"async\" width=\"978\" height=\"901\" src=\"https:\/\/wasikoelle.com\/wp-content\/uploads\/katrin-1024x943.jpeg\" class=\"attachment-large size-large wp-image-2638\" alt=\"\" srcset=\"https:\/\/wasikoelle.com\/wp-content\/uploads\/katrin-1024x943.jpeg 1024w, https:\/\/wasikoelle.com\/wp-content\/uploads\/katrin-300x276.jpeg 300w, https:\/\/wasikoelle.com\/wp-content\/uploads\/katrin-768x708.jpeg 768w, https:\/\/wasikoelle.com\/wp-content\/uploads\/katrin.jpeg 1194w\" sizes=\"(max-width: 978px) 100vw, 978px\" \/>\t\t\t\t\t\t\t\t\t\t\t\t\t\t\t<\/div>\n\t\t\t\t<\/div>\n\t\t\t\t<\/div>\n\t\t<div class=\"elementor-element elementor-element-9c140ab e-con-full e-flex e-con e-child\" data-id=\"9c140ab\" data-element_type=\"container\" data-e-type=\"container\">\n\t\t<div class=\"elementor-element elementor-element-b4f43c2 e-con-full e-flex e-con e-child\" data-id=\"b4f43c2\" data-element_type=\"container\" data-e-type=\"container\">\n\t\t\t\t<div class=\"elementor-element elementor-element-c2a04df elementor-widget elementor-widget-heading\" data-id=\"c2a04df\" data-element_type=\"widget\" data-e-type=\"widget\" data-widget_type=\"heading.default\">\n\t\t\t\t<div class=\"elementor-widget-container\">\n\t\t\t\t\t<h2 class=\"elementor-heading-title elementor-size-default\">Katrin<\/h2>\t\t\t\t<\/div>\n\t\t\t\t<\/div>\n\t\t\t\t<\/div>\n\t\t<div class=\"elementor-element elementor-element-c45dd5d e-con-full e-flex e-con e-child\" data-id=\"c45dd5d\" data-element_type=\"container\" data-e-type=\"container\">\n\t\t\t\t<div class=\"elementor-element elementor-element-fcfb3f2 elementor-blockquote--skin-border elementor-widget elementor-widget-blockquote\" data-id=\"fcfb3f2\" data-element_type=\"widget\" data-e-type=\"widget\" data-widget_type=\"blockquote.default\">\n\t\t\t\t<div class=\"elementor-widget-container\">\n\t\t\t\t\t\t\t<blockquote class=\"elementor-blockquote\">\n\t\t\t<p class=\"elementor-blockquote__content\">\n\t\t\t\t<p><span lang=\"es-419\"><p>\u2728 Soy Katrin, de Colonia, y trabajo como contadora.\nDurante mis estudios en Comunicaci\u00f3n Multiling\u00fce en la Universidad de Ciencias Aplicadas de Colonia, descubr\u00ed y aprend\u00ed a amar las lenguas y culturas extranjeras.<p>\n\n<p>Tuve la oportunidad de vivir varios a\u00f1os fuera de Alemania, y una parte de mi familia vive en Centroam\u00e9rica, lo que me ha acercado a\u00fan m\u00e1s a las culturas latinoamericanas..\nEstoy convencida de que las culturas de Colonia y Am\u00e9rica Latina se complementan de forma muy especial.\nMe alegra pensar que, a trav\u00e9s de nuestra familia Wasi, podremos seguir acerc\u00e1ndonos y construyendo puentes.\nPorque juntos podemos lograr mucho m\u00e1s. <p>\t\t\t<\/p>\n\t\t\t\t\t<\/blockquote>\n\t\t\t\t\t\t<\/div>\n\t\t\t\t<\/div>\n\t\t\t\t<\/div>\n\t\t\t\t<\/div>\n\t\t\t\t\t<\/div>\n\t\t\t\t<\/div>\n\t\t<div class=\"elementor-element elementor-element-e66cb1b e-flex e-con-boxed e-con e-parent\" data-id=\"e66cb1b\" data-element_type=\"container\" data-e-type=\"container\" id=\"nina\">\n\t\t\t\t\t<div class=\"e-con-inner\">\n\t\t<div class=\"elementor-element elementor-element-8161fd5 e-con-full e-flex e-con e-child\" data-id=\"8161fd5\" data-element_type=\"container\" data-e-type=\"container\" data-settings=\"{&quot;background_background&quot;:&quot;classic&quot;}\">\n\t\t\t\t<div class=\"elementor-element elementor-element-9a95c70 elementor-widget elementor-widget-image\" data-id=\"9a95c70\" data-element_type=\"widget\" data-e-type=\"widget\" data-widget_type=\"image.default\">\n\t\t\t\t<div class=\"elementor-widget-container\">\n\t\t\t\t\t\t\t\t\t\t\t\t\t\t\t<img decoding=\"async\" width=\"736\" height=\"1024\" src=\"https:\/\/wasikoelle.com\/wp-content\/uploads\/WhatsApp-Image-2025-08-02-at-00.33.48-736x1024.jpeg\" class=\"attachment-large size-large wp-image-2249\" alt=\"\" srcset=\"https:\/\/wasikoelle.com\/wp-content\/uploads\/WhatsApp-Image-2025-08-02-at-00.33.48-736x1024.jpeg 736w, https:\/\/wasikoelle.com\/wp-content\/uploads\/WhatsApp-Image-2025-08-02-at-00.33.48-216x300.jpeg 216w, https:\/\/wasikoelle.com\/wp-content\/uploads\/WhatsApp-Image-2025-08-02-at-00.33.48-768x1069.jpeg 768w, https:\/\/wasikoelle.com\/wp-content\/uploads\/WhatsApp-Image-2025-08-02-at-00.33.48-1104x1536.jpeg 1104w, https:\/\/wasikoelle.com\/wp-content\/uploads\/WhatsApp-Image-2025-08-02-at-00.33.48.jpeg 1472w\" sizes=\"(max-width: 736px) 100vw, 736px\" \/>\t\t\t\t\t\t\t\t\t\t\t\t\t\t\t<\/div>\n\t\t\t\t<\/div>\n\t\t\t\t<\/div>\n\t\t<div class=\"elementor-element elementor-element-df34c51 e-con-full e-flex e-con e-child\" data-id=\"df34c51\" data-element_type=\"container\" data-e-type=\"container\">\n\t\t\t\t<div class=\"elementor-element elementor-element-d4d4bea elementor-widget elementor-widget-heading\" data-id=\"d4d4bea\" data-element_type=\"widget\" data-e-type=\"widget\" data-widget_type=\"heading.default\">\n\t\t\t\t<div class=\"elementor-widget-container\">\n\t\t\t\t\t<h2 class=\"elementor-heading-title elementor-size-default\">Karina<\/h2>\t\t\t\t<\/div>\n\t\t\t\t<\/div>\n\t\t\t\t<div class=\"elementor-element elementor-element-1bdea36 elementor-blockquote--skin-border elementor-widget elementor-widget-blockquote\" data-id=\"1bdea36\" data-element_type=\"widget\" data-e-type=\"widget\" data-widget_type=\"blockquote.default\">\n\t\t\t\t<div class=\"elementor-widget-container\">\n\t\t\t\t\t\t\t<blockquote class=\"elementor-blockquote\">\n\t\t\t<p class=\"elementor-blockquote__content\">\n\t\t\t\t<p><span lang=\"es-419\">\u2728 Soy Karina Alexandra Luque Mendoza.\n\nMi abuelo paterno fue el fundador de la primera Asociaci\u00f3n Gremial de Peluqueros y Artesanos de la provincia del Guayas. \u00c9l ha sido siempre mi ejemplo a seguir.<p>\n\n<p>Mi principal objetivo es que las nuevas generaciones nacidas aqu\u00ed no pierdan el v\u00ednculo con sus ra\u00edces, y estoy convencida de que la mejor forma de lograrlo es fomentando nuestra cultura.<p>\n\n<p>A trav\u00e9s de Wasi K\u00f6lle, he podido acompa\u00f1ar y apoyar a muchas personas que carec\u00edan de las herramientas necesarias para desenvolverse en Alemania.\nSigo comprometida con crear puentes, fortalecer identidades y contribuir a una comunidad m\u00e1s unida, informada y visible.<p>\t\t\t<\/p>\n\t\t\t\t\t<\/blockquote>\n\t\t\t\t\t\t<\/div>\n\t\t\t\t<\/div>\n\t\t\t\t<\/div>\n\t\t\t\t\t<\/div>\n\t\t\t\t<\/div>\n\t\t<div class=\"elementor-element elementor-element-c2d27a5 e-con-full e-flex e-con e-parent\" data-id=\"c2d27a5\" data-element_type=\"container\" data-e-type=\"container\">\n\t\t\t\t<div class=\"elementor-element elementor-element-818d859 elementor-widget elementor-widget-template\" data-id=\"818d859\" data-element_type=\"widget\" data-e-type=\"widget\" data-widget_type=\"template.default\">\n\t\t\t\t<div class=\"elementor-widget-container\">\n\t\t\t\t\t\t\t<div class=\"elementor-template\">\n\t\t\t\t\t<div data-elementor-type=\"container\" data-elementor-id=\"1659\" class=\"elementor elementor-1659\" data-elementor-post-type=\"elementor_library\">\n\t\t\t\t<div class=\"elementor-element elementor-element-7e05625 e-flex e-con-boxed e-con e-parent\" data-id=\"7e05625\" data-element_type=\"container\" data-e-type=\"container\" data-settings=\"{&quot;background_background&quot;:&quot;classic&quot;}\">\n\t\t\t\t\t<div class=\"e-con-inner\">\n\t\t<div class=\"elementor-element elementor-element-673da264 e-con-full e-flex e-con e-child\" data-id=\"673da264\" data-element_type=\"container\" data-e-type=\"container\">\n\t\t\t\t<div class=\"elementor-element elementor-element-3ec4a4ae elementor-widget-divider--view-line elementor-widget elementor-widget-divider\" data-id=\"3ec4a4ae\" data-element_type=\"widget\" data-e-type=\"widget\" data-widget_type=\"divider.default\">\n\t\t\t\t<div class=\"elementor-widget-container\">\n\t\t\t\t\t\t\t<div class=\"elementor-divider\">\n\t\t\t<span class=\"elementor-divider-separator\">\n\t\t\t\t\t\t<\/span>\n\t\t<\/div>\n\t\t\t\t\t\t<\/div>\n\t\t\t\t<\/div>\n\t\t\t\t<div class=\"elementor-element elementor-element-61f78b16 elementor-widget elementor-widget-heading\" data-id=\"61f78b16\" data-element_type=\"widget\" data-e-type=\"widget\" data-widget_type=\"heading.default\">\n\t\t\t\t<div class=\"elementor-widget-container\">\n\t\t\t\t\t<h2 class=\"elementor-heading-title elementor-size-default\">Quieres ser afiliado de Wasi K\u00f6lle, nuestra casa?<\/h2>\t\t\t\t<\/div>\n\t\t\t\t<\/div>\n\t\t\t\t<div class=\"elementor-element elementor-element-1cf53ceb elementor-widget elementor-widget-text-editor\" data-id=\"1cf53ceb\" data-element_type=\"widget\" data-e-type=\"widget\" data-widget_type=\"text-editor.default\">\n\t\t\t\t<div class=\"elementor-widget-container\">\n\t\t\t\t\t\t\t\t\t<p>\u00a1Tu ayuda es fundamental! Marca la diferencia en nuestra comunidad y recibe bonificaciones y privilegios a cambio.<\/p>\t\t\t\t\t\t\t\t<\/div>\n\t\t\t\t<\/div>\n\t\t\t\t<div class=\"elementor-element elementor-element-66ca2c20 elementor-mobile-align-center elementor-widget elementor-widget-button\" data-id=\"66ca2c20\" data-element_type=\"widget\" data-e-type=\"widget\" data-widget_type=\"button.default\">\n\t\t\t\t<div class=\"elementor-widget-container\">\n\t\t\t\t\t\t\t\t\t<div class=\"elementor-button-wrapper\">\n\t\t\t\t\t<a class=\"elementor-button elementor-button-link elementor-size-md elementor-animation-grow\" href=\"https:\/\/wasikoelle.com\/afiliarse\/\">\n\t\t\t\t\t\t<span class=\"elementor-button-content-wrapper\">\n\t\t\t\t\t\t\t\t\t<span class=\"elementor-button-text\">Sigue este enlace<\/span>\n\t\t\t\t\t<\/span>\n\t\t\t\t\t<\/a>\n\t\t\t\t<\/div>\n\t\t\t\t\t\t\t\t<\/div>\n\t\t\t\t<\/div>\n\t\t\t\t<\/div>\n\t\t\t\t\t<\/div>\n\t\t\t\t<\/div>\n\t\t\t\t<\/div>\n\t\t\t\t<\/div>\n\t\t\t\t\t\t<\/div>\n\t\t\t\t<\/div>\n\t\t\t\t<\/div>\n\t\t\t\t<\/div>\n\t\t","protected":false},"excerpt":{"rendered":"<p>\ud83c\udf89 Wasi K\u00f6lle e.V. \u2013 Un puente entre Latinoam\u00e9rica y Colonia \ud83c\udf0e\ud83c\udde9\ud83c\uddea\u2764\ufe0f En Wasi K\u00f6lle e.V. somos una asociaci\u00f3n latinoamericana colonesa y sin \u00e1nimo de lucro, creada con el deseo de compartir lo mejor de nuestras ra\u00edces y de nuestra ciudad. \u2728 Nuestra misi\u00f3n es doble: Dar a conocer la riqueza de la cultura latina [&hellip;]<\/p>\n","protected":false},"author":3,"featured_media":370,"parent":0,"menu_order":0,"comment_status":"closed","ping_status":"closed","template":"","meta":{"footnotes":""},"class_list":["post-969","page","type-page","status-publish","has-post-thumbnail","hentry"],"blocksy_meta":{"styles_descriptor":{"styles":{"desktop":"","tablet":"","mobile":""},"google_fonts":[],"version":6}},"_links":{"self":[{"href":"https:\/\/wasikoelle.com\/de\/wp-json\/wp\/v2\/pages\/969","targetHints":{"allow":["GET"]}}],"collection":[{"href":"https:\/\/wasikoelle.com\/de\/wp-json\/wp\/v2\/pages"}],"about":[{"href":"https:\/\/wasikoelle.com\/de\/wp-json\/wp\/v2\/types\/page"}],"author":[{"embeddable":true,"href":"https:\/\/wasikoelle.com\/de\/wp-json\/wp\/v2\/users\/3"}],"replies":[{"embeddable":true,"href":"https:\/\/wasikoelle.com\/de\/wp-json\/wp\/v2\/comments?post=969"}],"version-history":[{"count":94,"href":"https:\/\/wasikoelle.com\/de\/wp-json\/wp\/v2\/pages\/969\/revisions"}],"predecessor-version":[{"id":2832,"href":"https:\/\/wasikoelle.com\/de\/wp-json\/wp\/v2\/pages\/969\/revisions\/2832"}],"wp:featuredmedia":[{"embeddable":true,"href":"https:\/\/wasikoelle.com\/de\/wp-json\/wp\/v2\/media\/370"}],"wp:attachment":[{"href":"https:\/\/wasikoelle.com\/de\/wp-json\/wp\/v2\/media?parent=969"}],"curies":[{"name":"wp","href":"https:\/\/api.w.org\/{rel}","templated":true}]}}