{"id":2781,"date":"2025-09-17T13:45:39","date_gmt":"2025-09-17T11:45:39","guid":{"rendered":"https:\/\/wasikoelle.com\/?page_id=2781"},"modified":"2025-10-16T10:35:42","modified_gmt":"2025-10-16T08:35:42","slug":"donaciones","status":"publish","type":"page","link":"https:\/\/wasikoelle.com\/de\/donaciones\/","title":{"rendered":"Spenden"},"content":{"rendered":"<div data-elementor-type=\"wp-page\" data-elementor-id=\"2781\" class=\"elementor elementor-2781\" data-elementor-post-type=\"page\">\n\t\t\t\t<div class=\"elementor-element elementor-element-4db0af79 e-flex e-con-boxed e-con e-parent\" data-id=\"4db0af79\" data-element_type=\"container\" data-e-type=\"container\">\n\t\t\t\t\t<div class=\"e-con-inner\">\n\t\t<div class=\"elementor-element elementor-element-0066d9f e-con-full e-flex e-con e-child\" data-id=\"0066d9f\" data-element_type=\"container\" data-e-type=\"container\">\n\t\t\t\t<div class=\"elementor-element elementor-element-73aab88 elementor-widget__width-inherit elementor-widget elementor-widget-text-editor\" data-id=\"73aab88\" data-element_type=\"widget\" data-e-type=\"widget\" data-widget_type=\"text-editor.default\">\n\t\t\t\t<div class=\"elementor-widget-container\">\n\t\t\t\t\t\t\t\t\t<p class=\"has-text-align-center\">Spenden Sie auf unser Bankkonto:<\/p>\n<p><!-- \/wp:paragraph --><!-- wp:paragraph {\"align\":\"center\"} --><\/p>\n<p class=\"has-text-align-center translation-block\">Kontonummer: IBAN: <strong>DE91 3705 0299 0000 7869 97<\/strong><br>Kontoinhaber: <strong>Wasi K\u00f6lle e.V.<\/strong><\/p>\t\t\t\t\t\t\t\t<\/div>\n\t\t\t\t<\/div>\n\t\t<div class=\"elementor-element elementor-element-65e8a47 e-con-full e-flex e-con e-child\" data-id=\"65e8a47\" data-element_type=\"container\" data-e-type=\"container\">\n\t\t\t\t<div class=\"elementor-element elementor-element-032b541 elementor-widget elementor-widget-image\" data-id=\"032b541\" data-element_type=\"widget\" data-e-type=\"widget\" data-widget_type=\"image.default\">\n\t\t\t\t<div class=\"elementor-widget-container\">\n\t\t\t\t\t\t\t\t\t\t\t\t<figure class=\"wp-caption\">\n\t\t\t\t\t\t\t\t\t\t<img fetchpriority=\"high\" decoding=\"async\" width=\"500\" height=\"500\" src=\"https:\/\/wasikoelle.com\/wp-content\/uploads\/qrcode.png\" class=\"attachment-1536x1536 size-1536x1536 wp-image-2824\" alt=\"\" srcset=\"https:\/\/wasikoelle.com\/wp-content\/uploads\/qrcode.png 500w, https:\/\/wasikoelle.com\/wp-content\/uploads\/qrcode-300x300.png 300w, https:\/\/wasikoelle.com\/wp-content\/uploads\/qrcode-150x150.png 150w\" sizes=\"(max-width: 500px) 100vw, 500px\" \/>\t\t\t\t\t\t\t\t\t\t\t<figcaption class=\"widget-image-caption wp-caption-text\">PayPal-Zahlungen k\u00f6nnen an folgende E-Mail-Adresse gesendet werden: wasi.koelle@gmail.com.<\/figcaption>\n\t\t\t\t\t\t\t\t\t\t<\/figure>\n\t\t\t\t\t\t\t\t\t<\/div>\n\t\t\t\t<\/div>\n\t\t\t\t<\/div>\n\t\t\t\t<div class=\"elementor-element elementor-element-38a7436 elementor-widget elementor-widget-text-editor\" data-id=\"38a7436\" data-element_type=\"widget\" data-e-type=\"widget\" data-widget_type=\"text-editor.default\">\n\t\t\t\t<div class=\"elementor-widget-container\">\n\t\t\t\t\t\t\t\t\t<p class=\"translation-block\">Mit Ihrem Beitrag unterst\u00fctzen Sie direkt unsere Aktivit\u00e4ten und Projekte, wie  zum Beispiel \u201eMusikkonzerte\u201c, \u201eDeutschkurse\u201c, <span>\u201eSpanischkurse f\u00fcr Kinder\u201d , <\/span><span style=\"font-family: inherit;font-size: inherit;font-style: inherit;font-weight: inherit\">\u201ekulturelle Veranstaltungen\u201d, \u201eBeratung f\u00fcr Familien auf Spanisch\u201d.<\/span><\/p>\n<p><!-- \/wp:paragraph --><!-- wp:paragraph --><\/p>\n<p>Jeder Beitrag, ob gro\u00df oder klein, hat eine echte Wirkung.<\/p>\n<p><!-- \/wp:paragraph --><!-- wp:paragraph --><\/p>\n<p>Danke, dass du Teil von Wasi K\u00f6lle e.V. bist!<\/p>\t\t\t\t\t\t\t\t<\/div>\n\t\t\t\t<\/div>\n\t\t\t\t<\/div>\n\t\t\t\t\t<\/div>\n\t\t\t\t<\/div>\n\t\t\t\t<\/div>","protected":false},"excerpt":{"rendered":"<p>Haz tu donativo a nuestra cuenta bancaria: N\u00famero de cuenta:IBAN: DE91 3705 0299 0000 7869 97Titular de la cuenta: Wasi K\u00f6lle e.V. Los pagos de PayPal se pueden enviar a la siguiente direcci\u00f3n de correo electr\u00f3nico: wasi.koelle@gmail.com. Con tu contribuci\u00f3n, apoyas directamente nuestras actividades y proyectos, como\u00a0 por ejemplo, \u201cconciertos de m\u00fasica\u201d, \u201ccursos de aleman\u201d,\u00a0\u201ccursos [&hellip;]<\/p>\n","protected":false},"author":3,"featured_media":3008,"parent":0,"menu_order":0,"comment_status":"closed","ping_status":"closed","template":"","meta":{"footnotes":""},"class_list":["post-2781","page","type-page","status-publish","has-post-thumbnail","hentry"],"blocksy_meta":[],"_links":{"self":[{"href":"https:\/\/wasikoelle.com\/de\/wp-json\/wp\/v2\/pages\/2781","targetHints":{"allow":["GET"]}}],"collection":[{"href":"https:\/\/wasikoelle.com\/de\/wp-json\/wp\/v2\/pages"}],"about":[{"href":"https:\/\/wasikoelle.com\/de\/wp-json\/wp\/v2\/types\/page"}],"author":[{"embeddable":true,"href":"https:\/\/wasikoelle.com\/de\/wp-json\/wp\/v2\/users\/3"}],"replies":[{"embeddable":true,"href":"https:\/\/wasikoelle.com\/de\/wp-json\/wp\/v2\/comments?post=2781"}],"version-history":[{"count":15,"href":"https:\/\/wasikoelle.com\/de\/wp-json\/wp\/v2\/pages\/2781\/revisions"}],"predecessor-version":[{"id":3013,"href":"https:\/\/wasikoelle.com\/de\/wp-json\/wp\/v2\/pages\/2781\/revisions\/3013"}],"wp:featuredmedia":[{"embeddable":true,"href":"https:\/\/wasikoelle.com\/de\/wp-json\/wp\/v2\/media\/3008"}],"wp:attachment":[{"href":"https:\/\/wasikoelle.com\/de\/wp-json\/wp\/v2\/media?parent=2781"}],"curies":[{"name":"wp","href":"https:\/\/api.w.org\/{rel}","templated":true}]}}