{"id":1982,"date":"2024-05-09T12:39:43","date_gmt":"2024-05-09T17:39:43","guid":{"rendered":"https:\/\/wasikoelle.com\/?page_id=1982"},"modified":"2025-09-16T20:10:03","modified_gmt":"2025-09-16T18:10:03","slug":"documento-legal-e-v","status":"publish","type":"page","link":"https:\/\/wasikoelle.com\/de\/documento-legal-e-v\/","title":{"rendered":"Documento legal e.V"},"content":{"rendered":"<div data-elementor-type=\"wp-page\" data-elementor-id=\"1982\" class=\"elementor elementor-1982\" data-elementor-post-type=\"page\">\n\t\t\t\t<div class=\"elementor-element elementor-element-c2d27a5 e-con-full e-flex e-con e-parent\" data-id=\"c2d27a5\" data-element_type=\"container\" data-e-type=\"container\">\n\t\t<div class=\"elementor-element elementor-element-0b9a470 e-flex e-con-boxed e-con e-child\" data-id=\"0b9a470\" data-element_type=\"container\" data-e-type=\"container\">\n\t\t\t\t\t<div class=\"e-con-inner\">\n\t\t<div class=\"elementor-element elementor-element-dcc124a e-flex e-con-boxed e-con e-child\" data-id=\"dcc124a\" data-element_type=\"container\" data-e-type=\"container\">\n\t\t\t\t\t<div class=\"e-con-inner\">\n\t\t\t\t<div class=\"elementor-element elementor-element-a42e225 elementor-widget elementor-widget-heading\" data-id=\"a42e225\" data-element_type=\"widget\" data-e-type=\"widget\" data-widget_type=\"heading.default\">\n\t\t\t\t<div class=\"elementor-widget-container\">\n\t\t\t\t\t<h2 class=\"elementor-heading-title elementor-size-default\">Nuevo registro de la asociaci\u00f3n \u201cWasi K\u00f6lle e.V. \u2013 k\u00f6lsch \/ asociaci\u00f3n cultural latinoamericana\u201d, con sede en Colonia<\/h2>\t\t\t\t<\/div>\n\t\t\t\t<\/div>\n\t\t\t\t<div class=\"elementor-element elementor-element-b45b55d elementor-widget-divider--view-line elementor-widget elementor-widget-divider\" data-id=\"b45b55d\" data-element_type=\"widget\" data-e-type=\"widget\" data-widget_type=\"divider.default\">\n\t\t\t\t<div class=\"elementor-widget-container\">\n\t\t\t\t\t\t\t<div class=\"elementor-divider\">\n\t\t\t<span class=\"elementor-divider-separator\">\n\t\t\t\t\t\t<\/span>\n\t\t<\/div>\n\t\t\t\t\t\t<\/div>\n\t\t\t\t<\/div>\n\t\t\t\t<div class=\"elementor-element elementor-element-d4fbd32 elementor-widget elementor-widget-text-editor\" data-id=\"d4fbd32\" data-element_type=\"widget\" data-e-type=\"widget\" data-widget_type=\"text-editor.default\">\n\t\t\t\t<div class=\"elementor-widget-container\">\n\t\t\t\t\t\t\t\t\t<h3 data-start=\"333\" data-end=\"374\"><strong data-start=\"337\" data-end=\"372\">Tribunal de Distrito de Colonia<\/strong><\/h3><p data-start=\"375\" data-end=\"407\"><strong data-start=\"375\" data-end=\"407\">\u2013 Registro de Asociaciones\u00a0<\/strong><\/p><p data-start=\"409\" data-end=\"432\"><strong>Colonia<\/strong>,\u00a0<\/p><h4 data-start=\"434\" data-end=\"539\"><strong data-start=\"439\" data-end=\"539\">Nuevo registro de la asociaci\u00f3n \u00abWasi K\u00f6lle e.V. \u2013 k\u00f6lsch \/ asociaci\u00f3n cultural latinoamericana\u00bb<\/strong><\/h4><p data-start=\"541\" data-end=\"824\">Como representante autorizado de la junta directiva de la asociaci\u00f3n que se constituye bajo el nombre <strong data-start=\"643\" data-end=\"711\">\u00abWasi K\u00f6lle e.V. \u2013 k\u00f6lsch \/ asociaci\u00f3n cultural latinoamericana\u00bb<\/strong>, con sede en <strong data-start=\"725\" data-end=\"736\">Colonia<\/strong>, presento para su inscripci\u00f3n en el Registro de Asociaciones los siguientes documentos:<\/p><ul data-start=\"826\" data-end=\"984\"><li data-start=\"826\" data-end=\"909\"><p data-start=\"828\" data-end=\"909\">Los <strong data-start=\"832\" data-end=\"845\">estatutos<\/strong> de la asociaci\u00f3n, en copia firmada por los socios fundadores.<\/p><\/li><li data-start=\"910\" data-end=\"984\"><p data-start=\"912\" data-end=\"984\">La <strong data-start=\"915\" data-end=\"959\">copia del acta de la reuni\u00f3n fundacional<\/strong> de fecha <strong data-start=\"969\" data-end=\"983\">07.07.2023<\/strong>.<\/p><\/li><\/ul><h4 data-start=\"986\" data-end=\"1045\"><strong data-start=\"991\" data-end=\"1045\">Miembros elegidos de la junta directiva (\u00a726 BGB):<\/strong><\/h4><ul data-start=\"1047\" data-end=\"1142\"><li data-start=\"1047\" data-end=\"1083\"><p data-start=\"1049\" data-end=\"1083\"><strong data-start=\"1049\" data-end=\"1081\">Sra. Adriana Ampuero Mendoza<\/strong><\/p><\/li><li data-start=\"1084\" data-end=\"1110\"><p data-start=\"1086\" data-end=\"1110\"><strong data-start=\"1086\" data-end=\"1108\">Sra. Katrin Neifer<\/strong><\/p><\/li><li data-start=\"1111\" data-end=\"1142\"><p data-start=\"1113\" data-end=\"1142\"><strong data-start=\"1113\" data-end=\"1142\">Sra. Karina Luque Mendoza<\/strong><\/p><\/li><\/ul><p data-start=\"1144\" data-end=\"1431\">La junta directiva, conforme al \u00a726 del C\u00f3digo Civil Alem\u00e1n (BGB), est\u00e1 compuesta por tres presidentas, incluida la tesorera. Representan conjuntamente a la asociaci\u00f3n tanto dentro como fuera de los tribunales. Solo una actuaci\u00f3n conjunta de todas ellas constituye representaci\u00f3n v\u00e1lida.<\/p><p data-start=\"1433\" data-end=\"1524\">La asociaci\u00f3n y la junta directiva solicitan su inscripci\u00f3n en el Registro de Asociaciones.<\/p><p data-start=\"1526\" data-end=\"2121\">Los \u00f3rganos de la asociaci\u00f3n autorizan a la <strong data-start=\"1570\" data-end=\"1592\">Sra. Vanessa Braun<\/strong> y a la <strong data-start=\"1600\" data-end=\"1622\">Sra. Arbesa Maloku<\/strong>, ambas asistentes del notario en funciones, cada una de forma individual y <strong data-start=\"1698\" data-end=\"1747\">exentas de las restricciones del \u00a7181 del BGB<\/strong>, a realizar todas las declaraciones y ejecutar todos los actos jur\u00eddicos que sean necesarios o \u00fatiles para la inscripci\u00f3n en el Registro de Asociaciones, as\u00ed como cualquier otro tr\u00e1mite que dicho Registro o las autoridades competentes consideren necesario. Las personas autorizadas est\u00e1n facultadas para realizar modificaciones o complementos a la solicitud de inscripci\u00f3n.<\/p><p data-start=\"2123\" data-end=\"2437\">Asimismo, se autoriza al notario certificador o a su representante en funciones a presentar, dividir, restringir, retirar o complementar la solicitud de inscripci\u00f3n a su discreci\u00f3n, especialmente con el fin de facilitar la entrada en el Registro de Asociaciones, en caso de que se requieran cambios o correcciones.<\/p><p data-start=\"2439\" data-end=\"2451\">Atentamente,<\/p><p data-start=\"2453\" data-end=\"2625\"><strong data-start=\"2493\" data-end=\"2519\">Junta directiva<\/strong><br data-start=\"2519\" data-end=\"2522\" \/>Wasi K\u00f6lle e.V. \u2013 k\u00f6lsch \/ asociaci\u00f3n cultural latinoamericana<\/p>\t\t\t\t\t\t\t\t<\/div>\n\t\t\t\t<\/div>\n\t\t<div class=\"elementor-element elementor-element-d0ee085 e-grid e-con-boxed e-con e-child\" data-id=\"d0ee085\" data-element_type=\"container\" data-e-type=\"container\">\n\t\t\t\t\t<div class=\"e-con-inner\">\n\t\t\t\t<div class=\"elementor-element elementor-element-5b4ecf6 elementor-mobile-align-center elementor-align-left elementor-widget elementor-widget-button\" data-id=\"5b4ecf6\" data-element_type=\"widget\" data-e-type=\"widget\" data-widget_type=\"button.default\">\n\t\t\t\t<div class=\"elementor-widget-container\">\n\t\t\t\t\t\t\t\t\t<div class=\"elementor-button-wrapper\">\n\t\t\t\t\t<a class=\"elementor-button elementor-button-link elementor-size-md elementor-animation-grow\" href=\"https:\/\/wasikoelle.com\/wp-content\/uploads\/Documento-legal-editado.pdf\" target=\"_blank\">\n\t\t\t\t\t\t<span class=\"elementor-button-content-wrapper\">\n\t\t\t\t\t\t\t\t\t<span class=\"elementor-button-text\">Descargar Documento<\/span>\n\t\t\t\t\t<\/span>\n\t\t\t\t\t<\/a>\n\t\t\t\t<\/div>\n\t\t\t\t\t\t\t\t<\/div>\n\t\t\t\t<\/div>\n\t\t\t\t<div class=\"elementor-element elementor-element-29b67d4 elementor-mobile-align-center elementor-align-right elementor-widget elementor-widget-button\" data-id=\"29b67d4\" data-element_type=\"widget\" data-e-type=\"widget\" data-widget_type=\"button.default\">\n\t\t\t\t<div class=\"elementor-widget-container\">\n\t\t\t\t\t\t\t\t\t<div class=\"elementor-button-wrapper\">\n\t\t\t\t\t<a class=\"elementor-button elementor-button-link elementor-size-md elementor-animation-grow\" href=\"https:\/\/www.northdata.de\/Wasi+K%C3%B6lle+e.+V.+-+k%C3%B6lsch%2Flateinamerikanischer+Kulturverein,+K%C3%B6ln\/VR+21596\" target=\"_blank\" rel=\"noopener\">\n\t\t\t\t\t\t<span class=\"elementor-button-content-wrapper\">\n\t\t\t\t\t\t\t\t\t<span class=\"elementor-button-text\">Ir al enlace<\/span>\n\t\t\t\t\t<\/span>\n\t\t\t\t\t<\/a>\n\t\t\t\t<\/div>\n\t\t\t\t\t\t\t\t<\/div>\n\t\t\t\t<\/div>\n\t\t\t\t\t<\/div>\n\t\t\t\t<\/div>\n\t\t\t\t\t<\/div>\n\t\t\t\t<\/div>\n\t\t\t\t\t<\/div>\n\t\t\t\t<\/div>\n\t\t\t\t<div class=\"elementor-element elementor-element-818d859 elementor-widget elementor-widget-template\" data-id=\"818d859\" data-element_type=\"widget\" data-e-type=\"widget\" data-widget_type=\"template.default\">\n\t\t\t\t<div class=\"elementor-widget-container\">\n\t\t\t\t\t\t\t<div class=\"elementor-template\">\n\t\t\t\t\t<div data-elementor-type=\"container\" data-elementor-id=\"1659\" class=\"elementor elementor-1659\" data-elementor-post-type=\"elementor_library\">\n\t\t\t\t<div class=\"elementor-element elementor-element-7e05625 e-flex e-con-boxed e-con e-parent\" data-id=\"7e05625\" data-element_type=\"container\" data-e-type=\"container\" data-settings=\"{&quot;background_background&quot;:&quot;classic&quot;}\">\n\t\t\t\t\t<div class=\"e-con-inner\">\n\t\t<div class=\"elementor-element elementor-element-673da264 e-con-full e-flex e-con e-child\" data-id=\"673da264\" data-element_type=\"container\" data-e-type=\"container\">\n\t\t\t\t<div class=\"elementor-element elementor-element-3ec4a4ae elementor-widget-divider--view-line elementor-widget elementor-widget-divider\" data-id=\"3ec4a4ae\" data-element_type=\"widget\" data-e-type=\"widget\" data-widget_type=\"divider.default\">\n\t\t\t\t<div class=\"elementor-widget-container\">\n\t\t\t\t\t\t\t<div class=\"elementor-divider\">\n\t\t\t<span class=\"elementor-divider-separator\">\n\t\t\t\t\t\t<\/span>\n\t\t<\/div>\n\t\t\t\t\t\t<\/div>\n\t\t\t\t<\/div>\n\t\t\t\t<div class=\"elementor-element elementor-element-61f78b16 elementor-widget elementor-widget-heading\" data-id=\"61f78b16\" data-element_type=\"widget\" data-e-type=\"widget\" data-widget_type=\"heading.default\">\n\t\t\t\t<div class=\"elementor-widget-container\">\n\t\t\t\t\t<h2 class=\"elementor-heading-title elementor-size-default\">M\u00f6chtest du Partner von Wasi K\u00f6lle, unserem Haus, werden?<\/h2>\t\t\t\t<\/div>\n\t\t\t\t<\/div>\n\t\t\t\t<div class=\"elementor-element elementor-element-1cf53ceb elementor-widget elementor-widget-text-editor\" data-id=\"1cf53ceb\" data-element_type=\"widget\" data-e-type=\"widget\" data-widget_type=\"text-editor.default\">\n\t\t\t\t<div class=\"elementor-widget-container\">\n\t\t\t\t\t\t\t\t\t<p>\u00a1Deine Hilfe ist wichtig! Mach einen Unterschied in unserer Gemeinschaft und erhalte daf\u00fcr Vorteile und Privilegien.<\/p>\t\t\t\t\t\t\t\t<\/div>\n\t\t\t\t<\/div>\n\t\t\t\t<div class=\"elementor-element elementor-element-66ca2c20 elementor-mobile-align-center elementor-widget elementor-widget-button\" data-id=\"66ca2c20\" data-element_type=\"widget\" data-e-type=\"widget\" data-widget_type=\"button.default\">\n\t\t\t\t<div class=\"elementor-widget-container\">\n\t\t\t\t\t\t\t\t\t<div class=\"elementor-button-wrapper\">\n\t\t\t\t\t<a class=\"elementor-button elementor-button-link elementor-size-md elementor-animation-grow\" href=\"https:\/\/wasikoelle.com\/de\/afiliarse\/\">\n\t\t\t\t\t\t<span class=\"elementor-button-content-wrapper\">\n\t\t\t\t\t\t\t\t\t<span class=\"elementor-button-text\">Folgt diesem Link<\/span>\n\t\t\t\t\t<\/span>\n\t\t\t\t\t<\/a>\n\t\t\t\t<\/div>\n\t\t\t\t\t\t\t\t<\/div>\n\t\t\t\t<\/div>\n\t\t\t\t<\/div>\n\t\t\t\t\t<\/div>\n\t\t\t\t<\/div>\n\t\t\t\t<\/div>\n\t\t\t\t<\/div>\n\t\t\t\t\t\t<\/div>\n\t\t\t\t<\/div>\n\t\t\t\t<\/div>\n\t\t\t\t<\/div>","protected":false},"excerpt":{"rendered":"<p>Nuevo registro de la asociaci\u00f3n \u201cWasi K\u00f6lle e.V. \u2013 k\u00f6lsch \/ asociaci\u00f3n cultural latinoamericana\u201d, con sede en Colonia Tribunal de Distrito de Colonia \u2013 Registro de Asociaciones\u00a0 Colonia,\u00a0 Nuevo registro de la asociaci\u00f3n \u00abWasi K\u00f6lle e.V. \u2013 k\u00f6lsch \/ asociaci\u00f3n cultural latinoamericana\u00bb Como representante autorizado de la junta directiva de la asociaci\u00f3n que se constituye [&hellip;]<\/p>\n","protected":false},"author":3,"featured_media":0,"parent":0,"menu_order":0,"comment_status":"closed","ping_status":"closed","template":"","meta":{"footnotes":""},"class_list":["post-1982","page","type-page","status-publish","hentry"],"blocksy_meta":{"styles_descriptor":{"styles":{"desktop":"","tablet":"","mobile":""},"google_fonts":[],"version":6}},"_links":{"self":[{"href":"https:\/\/wasikoelle.com\/de\/wp-json\/wp\/v2\/pages\/1982","targetHints":{"allow":["GET"]}}],"collection":[{"href":"https:\/\/wasikoelle.com\/de\/wp-json\/wp\/v2\/pages"}],"about":[{"href":"https:\/\/wasikoelle.com\/de\/wp-json\/wp\/v2\/types\/page"}],"author":[{"embeddable":true,"href":"https:\/\/wasikoelle.com\/de\/wp-json\/wp\/v2\/users\/3"}],"replies":[{"embeddable":true,"href":"https:\/\/wasikoelle.com\/de\/wp-json\/wp\/v2\/comments?post=1982"}],"version-history":[{"count":29,"href":"https:\/\/wasikoelle.com\/de\/wp-json\/wp\/v2\/pages\/1982\/revisions"}],"predecessor-version":[{"id":2745,"href":"https:\/\/wasikoelle.com\/de\/wp-json\/wp\/v2\/pages\/1982\/revisions\/2745"}],"wp:attachment":[{"href":"https:\/\/wasikoelle.com\/de\/wp-json\/wp\/v2\/media?parent=1982"}],"curies":[{"name":"wp","href":"https:\/\/api.w.org\/{rel}","templated":true}]}}